{"id":8,"date":"2023-08-12T05:54:13","date_gmt":"2023-08-12T05:54:13","guid":{"rendered":"https:\/\/3.92.68.131\/checkout\/"},"modified":"2023-08-15T13:57:48","modified_gmt":"2023-08-15T13:57:48","slug":"%d8%a5%d8%aa%d9%85%d8%a7%d9%85-%d8%b9%d9%85%d9%84%d9%8a%d8%a9-%d8%a7%d9%84%d8%b4%d8%b1%d8%a7%d8%a1","status":"publish","type":"page","link":"https:\/\/maxicashpro.com\/ar\/%d8%a5%d8%aa%d9%85%d8%a7%d9%85-%d8%b9%d9%85%d9%84%d9%8a%d8%a9-%d8%a7%d9%84%d8%b4%d8%b1%d8%a7%d8%a1\/","title":{"rendered":"\u0625\u062a\u0645\u0627\u0645 \u0639\u0645\u0644\u064a\u0629 \u0627\u0644\u0634\u0631\u0627\u0621"},"content":{"rendered":"<div data-elementor-type=\"wp-page\" data-elementor-id=\"8\" class=\"elementor elementor-8\">\n\t\t\t\t\t\t<section class=\"elementor-section elementor-top-section elementor-element elementor-element-b12ff66 elementor-section-full_width elementor-section-stretched elementor-section-height-default elementor-section-height-default wpr-particle-no wpr-jarallax-no wpr-parallax-no wpr-sticky-section-no wpr-equal-height-no\" data-id=\"b12ff66\" data-element_type=\"section\" data-e-type=\"section\" data-settings=\"{&quot;background_background&quot;:&quot;classic&quot;,&quot;stretch_section&quot;:&quot;section-stretched&quot;}\">\n\t\t\t\t\t\t\t<div class=\"elementor-background-overlay\"><\/div>\n\t\t\t\t\t\t\t<div class=\"elementor-container elementor-column-gap-default\">\n\t\t\t\t\t<div class=\"elementor-column elementor-col-100 elementor-top-column elementor-element elementor-element-305c643\" data-id=\"305c643\" data-element_type=\"column\" data-e-type=\"column\">\n\t\t\t<div class=\"elementor-widget-wrap elementor-element-populated\">\n\t\t\t\t\t\t<section class=\"elementor-section elementor-inner-section elementor-element elementor-element-5448dfa elementor-section-boxed elementor-section-height-default elementor-section-height-default wpr-particle-no wpr-jarallax-no wpr-parallax-no wpr-sticky-section-no wpr-equal-height-no\" data-id=\"5448dfa\" data-element_type=\"section\" data-e-type=\"section\">\n\t\t\t\t\t\t<div class=\"elementor-container elementor-column-gap-default\">\n\t\t\t\t\t<div class=\"elementor-column elementor-col-50 elementor-inner-column elementor-element elementor-element-f901f33\" data-id=\"f901f33\" data-element_type=\"column\" data-e-type=\"column\">\n\t\t\t<div class=\"elementor-widget-wrap elementor-element-populated\">\n\t\t\t\t\t\t<div class=\"elementor-element elementor-element-3785313 elementor-widget elementor-widget-heading\" data-id=\"3785313\" data-element_type=\"widget\" data-e-type=\"widget\" data-widget_type=\"heading.default\">\n\t\t\t\t<div class=\"elementor-widget-container\">\n\t\t\t\t\t<h2 class=\"elementor-heading-title elementor-size-default\">\u0623\u0641\u0636\u0644 \u0646\u0638\u0627\u0645 \u062a\u062f\u0627\u0648\u0644 \u0634\u0627\u0645\u0644<\/h2>\t\t\t\t<\/div>\n\t\t\t\t<\/div>\n\t\t\t\t<div class=\"elementor-element elementor-element-bdd822e elementor-widget elementor-widget-heading\" data-id=\"bdd822e\" data-element_type=\"widget\" data-e-type=\"widget\" data-widget_type=\"heading.default\">\n\t\t\t\t<div class=\"elementor-widget-container\">\n\t\t\t\t\t<h2 class=\"elementor-heading-title elementor-size-default\">\u0625\u062a\u0645\u0627\u0645 \u0639\u0645\u0644\u064a\u0629 \u0627\u0644\u0634\u0631\u0627\u0621<\/h2>\t\t\t\t<\/div>\n\t\t\t\t<\/div>\n\t\t\t\t<div class=\"elementor-element elementor-element-de176aa elementor-widget elementor-widget-heading\" data-id=\"de176aa\" data-element_type=\"widget\" data-e-type=\"widget\" data-widget_type=\"heading.default\">\n\t\t\t\t<div class=\"elementor-widget-container\">\n\t\t\t\t\t<h2 class=\"elementor-heading-title elementor-size-default\">\u0642\u0644 \u0648\u062f\u0627\u0639\u064b\u0627 \u0644\u0645\u0627\u0631\u0627\u062b\u0648\u0646\u0627\u062a \u0645\u0631\u0627\u0642\u0628\u0629 \u0627\u0644\u0633\u0648\u0642 \u0648\u0642\u0631\u0627\u0631\u0627\u062a \u0627\u0644\u062a\u062f\u0627\u0648\u0644 \u0627\u0644\u0645\u0631\u0628\u0643\u0629<\/h2>\t\t\t\t<\/div>\n\t\t\t\t<\/div>\n\t\t\t\t<div class=\"elementor-element elementor-element-2aa8489 elementor-widget elementor-widget-text-editor\" data-id=\"2aa8489\" data-element_type=\"widget\" data-e-type=\"widget\" data-widget_type=\"text-editor.default\">\n\t\t\t\t<div class=\"elementor-widget-container\">\n\t\t\t\t\t\t\t\t\t<p>\u062a\u0647\u0627\u0646\u064a\u0646\u0627 \u0639\u0644\u0649 \u0648\u0635\u0648\u0644\u0643 \u0625\u0644\u0649 \u0627\u0644\u0645\u0631\u062d\u0644\u0629 \u0627\u0644\u0646\u0647\u0627\u0626\u064a\u0629 \u0645\u0646 \u0639\u0645\u0644\u064a\u0629 \u0627\u0644\u0634\u0631\u0627\u0621! \u0641\u064a \u0635\u0641\u062d\u0629 \u0627\u0644\u062f\u0641\u0639 \u0647\u0630\u0647\u060c \u0633\u0646\u064f\u062d\u0648\u0651\u0644 \u0627\u062e\u062a\u064a\u0627\u0631\u0627\u062a\u0643 \u0625\u0644\u0649 \u0648\u0627\u0642\u0639. \u0647\u0646\u0627 \u064a\u0645\u0643\u0646\u0643 \u0645\u0631\u0627\u062c\u0639\u0629 \u062c\u0645\u064a\u0639 \u062a\u0641\u0627\u0635\u064a\u0644 \u0637\u0644\u0628\u0643 \u0628\u0639\u0646\u0627\u064a\u0629\u060c \u0628\u0645\u0627 \u0641\u064a \u0630\u0644\u0643 \u0627\u0644\u0645\u0646\u062a\u062c\u0627\u062a \u0627\u0644\u062a\u064a \u0627\u062e\u062a\u0631\u062a\u0647\u0627\u060c \u0648\u0627\u0644\u0623\u0633\u0639\u0627\u0631\u060c \u0648\u0627\u0644\u062e\u0635\u0648\u0645\u0627\u062a \u0627\u0644\u0645\u0637\u0628\u0642\u0629\u060c \u0648\u062e\u064a\u0627\u0631\u0627\u062a \u0627\u0644\u0634\u062d\u0646. \u0633\u0646\u0637\u0644\u0628 \u0645\u0646\u0643 \u0623\u064a\u0636\u064b\u0627 \u0625\u062f\u062e\u0627\u0644 \u0627\u0644\u0645\u0639\u0644\u0648\u0645\u0627\u062a \u0627\u0644\u0644\u0627\u0632\u0645\u0629 \u0644\u0625\u062a\u0645\u0627\u0645 \u0627\u0644\u0645\u0639\u0627\u0645\u0644\u0629\u060c \u0645\u062b\u0644 \u0639\u0646\u0648\u0627\u0646 \u0627\u0644\u0634\u062d\u0646 \u0648\u062a\u0641\u0627\u0635\u064a\u0644 \u0627\u0644\u062f\u0641\u0639.<\/p>\t\t\t\t\t\t\t\t<\/div>\n\t\t\t\t<\/div>\n\t\t\t\t<section class=\"elementor-section elementor-inner-section elementor-element elementor-element-1ae307d elementor-section-boxed elementor-section-height-default elementor-section-height-default wpr-particle-no wpr-jarallax-no wpr-parallax-no wpr-sticky-section-no wpr-equal-height-no\" data-id=\"1ae307d\" data-element_type=\"section\" data-e-type=\"section\">\n\t\t\t\t\t\t<div class=\"elementor-container elementor-column-gap-default\">\n\t\t\t\t\t<div class=\"elementor-column elementor-col-33 elementor-inner-column elementor-element elementor-element-0818027\" data-id=\"0818027\" data-element_type=\"column\" data-e-type=\"column\">\n\t\t\t<div class=\"elementor-widget-wrap elementor-element-populated\">\n\t\t\t\t\t\t<div class=\"elementor-element elementor-element-78e232d elementor-tablet-align-right elementor-widget elementor-widget-button\" data-id=\"78e232d\" data-element_type=\"widget\" data-e-type=\"widget\" data-widget_type=\"button.default\">\n\t\t\t\t<div class=\"elementor-widget-container\">\n\t\t\t\t\t\t\t\t\t<div class=\"elementor-button-wrapper\">\n\t\t\t\t\t<a class=\"elementor-button elementor-button-link elementor-size-sm\" href=\"https:\/\/maxicashpro.com\/ar\/%d8%ad%d8%b3%d8%a7%d8%a8%d9%8a\/\">\n\t\t\t\t\t\t<span class=\"elementor-button-content-wrapper\">\n\t\t\t\t\t\t\t\t\t<span class=\"elementor-button-text\">\u062d\u0633\u0627\u0628\u064a<\/span>\n\t\t\t\t\t<\/span>\n\t\t\t\t\t<\/a>\n\t\t\t\t<\/div>\n\t\t\t\t\t\t\t\t<\/div>\n\t\t\t\t<\/div>\n\t\t\t\t\t<\/div>\n\t\t<\/div>\n\t\t\t\t<div class=\"elementor-column elementor-col-33 elementor-inner-column elementor-element elementor-element-465d946\" data-id=\"465d946\" data-element_type=\"column\" data-e-type=\"column\">\n\t\t\t<div class=\"elementor-widget-wrap elementor-element-populated\">\n\t\t\t\t\t\t<div class=\"elementor-element elementor-element-338ed41 elementor-widget elementor-widget-button\" data-id=\"338ed41\" data-element_type=\"widget\" data-e-type=\"widget\" data-widget_type=\"button.default\">\n\t\t\t\t<div class=\"elementor-widget-container\">\n\t\t\t\t\t\t\t\t\t<div class=\"elementor-button-wrapper\">\n\t\t\t\t\t<a class=\"elementor-button elementor-button-link elementor-size-sm\" href=\"https:\/\/maxicashpro.com\/ar\/%d8%b3%d9%90%d8%ac%d9%90%d9%84%d9%91\/\">\n\t\t\t\t\t\t<span class=\"elementor-button-content-wrapper\">\n\t\t\t\t\t\t\t\t\t<span class=\"elementor-button-text\">\u0633\u0650\u062c\u0650\u0644\u0651<\/span>\n\t\t\t\t\t<\/span>\n\t\t\t\t\t<\/a>\n\t\t\t\t<\/div>\n\t\t\t\t\t\t\t\t<\/div>\n\t\t\t\t<\/div>\n\t\t\t\t\t<\/div>\n\t\t<\/div>\n\t\t\t\t<div class=\"elementor-column elementor-col-33 elementor-inner-column elementor-element elementor-element-90f6b5c\" data-id=\"90f6b5c\" data-element_type=\"column\" data-e-type=\"column\">\n\t\t\t<div class=\"elementor-widget-wrap elementor-element-populated\">\n\t\t\t\t\t\t<div class=\"elementor-element elementor-element-80f5164 elementor-tablet-align-center elementor-widget elementor-widget-button\" data-id=\"80f5164\" data-element_type=\"widget\" data-e-type=\"widget\" data-widget_type=\"button.default\">\n\t\t\t\t<div class=\"elementor-widget-container\">\n\t\t\t\t\t\t\t\t\t<div class=\"elementor-button-wrapper\">\n\t\t\t\t\t<a class=\"elementor-button elementor-button-link elementor-size-sm\" href=\"https:\/\/maxicashpro.com\/ar\/%d9%8a%d8%a8%d8%af%d8%a3\/\">\n\t\t\t\t\t\t<span class=\"elementor-button-content-wrapper\">\n\t\t\t\t\t\t\t\t\t<span class=\"elementor-button-text\">\u062a\u0633\u062c\u064a\u0644 \u0627\u0644\u062f\u062e\u0648\u0644<\/span>\n\t\t\t\t\t<\/span>\n\t\t\t\t\t<\/a>\n\t\t\t\t<\/div>\n\t\t\t\t\t\t\t\t<\/div>\n\t\t\t\t<\/div>\n\t\t\t\t\t<\/div>\n\t\t<\/div>\n\t\t\t\t\t<\/div>\n\t\t<\/section>\n\t\t\t\t<div class=\"elementor-element elementor-element-d71079f elementor-widget elementor-widget-image\" data-id=\"d71079f\" data-element_type=\"widget\" data-e-type=\"widget\" data-widget_type=\"image.default\">\n\t\t\t\t<div class=\"elementor-widget-container\">\n\t\t\t\t\t\t\t\t\t\t\t\t\t\t\t<img fetchpriority=\"high\" decoding=\"async\" width=\"1024\" height=\"342\" src=\"https:\/\/maxicashpro.com\/wp-content\/uploads\/2023\/08\/LOGO-MAXI-CASH-PRO1-1024x342.png\" class=\"attachment-large size-large wp-image-881\" alt=\"\" srcset=\"https:\/\/maxicashpro.com\/wp-content\/uploads\/2023\/08\/LOGO-MAXI-CASH-PRO1-1024x342.png 1024w, https:\/\/maxicashpro.com\/wp-content\/uploads\/2023\/08\/LOGO-MAXI-CASH-PRO1-300x100.png 300w, https:\/\/maxicashpro.com\/wp-content\/uploads\/2023\/08\/LOGO-MAXI-CASH-PRO1-768x256.png 768w, https:\/\/maxicashpro.com\/wp-content\/uploads\/2023\/08\/LOGO-MAXI-CASH-PRO1-1536x512.png 1536w, https:\/\/maxicashpro.com\/wp-content\/uploads\/2023\/08\/LOGO-MAXI-CASH-PRO1-2048x683.png 2048w, https:\/\/maxicashpro.com\/wp-content\/uploads\/2023\/08\/LOGO-MAXI-CASH-PRO1-600x200.png 600w\" sizes=\"(max-width: 1024px) 100vw, 1024px\" \/>\t\t\t\t\t\t\t\t\t\t\t\t\t\t\t<\/div>\n\t\t\t\t<\/div>\n\t\t\t\t\t<\/div>\n\t\t<\/div>\n\t\t\t\t<div class=\"elementor-column elementor-col-50 elementor-inner-column elementor-element elementor-element-2d73b66\" data-id=\"2d73b66\" data-element_type=\"column\" data-e-type=\"column\">\n\t\t\t<div class=\"elementor-widget-wrap\">\n\t\t\t\t\t\t\t<\/div>\n\t\t<\/div>\n\t\t\t\t\t<\/div>\n\t\t<\/section>\n\t\t\t\t\t<\/div>\n\t\t<\/div>\n\t\t\t\t\t<\/div>\n\t\t<\/section>\n\t\t\t\t<section class=\"elementor-section elementor-top-section elementor-element elementor-element-5e1d7d0 elementor-section-full_width elementor-section-stretched elementor-section-height-default elementor-section-height-default wpr-particle-no wpr-jarallax-no wpr-parallax-no wpr-sticky-section-no wpr-equal-height-no\" data-id=\"5e1d7d0\" data-element_type=\"section\" data-e-type=\"section\" data-settings=\"{&quot;stretch_section&quot;:&quot;section-stretched&quot;}\">\n\t\t\t\t\t\t<div class=\"elementor-container elementor-column-gap-default\">\n\t\t\t\t\t<div class=\"elementor-column elementor-col-100 elementor-top-column elementor-element elementor-element-e676e69\" data-id=\"e676e69\" data-element_type=\"column\" data-e-type=\"column\">\n\t\t\t<div class=\"elementor-widget-wrap elementor-element-populated\">\n\t\t\t\t\t\t<div class=\"elementor-element elementor-element-e25d94b elementor-widget elementor-widget-html\" data-id=\"e25d94b\" data-element_type=\"widget\" data-e-type=\"widget\" data-widget_type=\"html.default\">\n\t\t\t\t<div class=\"elementor-widget-container\">\n\t\t\t\t\t<script defer src=\"https:\/\/www.livecoinwatch.com\/static\/lcw-widget.js\"><\/script> <div class=\"livecoinwatch-widget-5\" lcw-base=\"USD\" lcw-color-tx=\"#000000\" lcw-marquee-1=\"coins\" lcw-marquee-2=\"coins\" lcw-marquee-items=\"20\" ><\/div>\t\t\t\t<\/div>\n\t\t\t\t<\/div>\n\t\t\t\t\t<\/div>\n\t\t<\/div>\n\t\t\t\t\t<\/div>\n\t\t<\/section>\n\t\t\t\t<section class=\"elementor-section elementor-top-section elementor-element elementor-element-2bad30d4 elementor-section-boxed elementor-section-height-default elementor-section-height-default wpr-particle-no wpr-jarallax-no wpr-parallax-no wpr-sticky-section-no wpr-equal-height-no\" data-id=\"2bad30d4\" data-element_type=\"section\" data-e-type=\"section\">\n\t\t\t\t\t\t<div class=\"elementor-container elementor-column-gap-default\">\n\t\t\t\t\t<div class=\"elementor-column elementor-col-100 elementor-top-column elementor-element elementor-element-9bbe3c\" data-id=\"9bbe3c\" data-element_type=\"column\" data-e-type=\"column\">\n\t\t\t<div class=\"elementor-widget-wrap elementor-element-populated\">\n\t\t\t\t\t\t<div class=\"elementor-element elementor-element-06f3857 elementor-widget elementor-widget-heading\" data-id=\"06f3857\" data-element_type=\"widget\" data-e-type=\"widget\" data-widget_type=\"heading.default\">\n\t\t\t\t<div class=\"elementor-widget-container\">\n\t\t\t\t\t<h2 class=\"elementor-heading-title elementor-size-default\">\u0625\u062a\u0645\u0627\u0645 \u0639\u0645\u0644\u064a\u0629 \u0627\u0644\u0634\u0631\u0627\u0621<\/h2>\t\t\t\t<\/div>\n\t\t\t\t<\/div>\n\t\t\t\t<div class=\"elementor-element elementor-element-64606d6d elementor-widget elementor-widget-text-editor\" data-id=\"64606d6d\" data-element_type=\"widget\" data-e-type=\"widget\" data-widget_type=\"text-editor.default\">\n\t\t\t\t<div class=\"elementor-widget-container\">\n\t\t\t\t\t\t\t\t\t<div class=\"woocommerce\">\n<div class=\"woocommerce-notices-wrapper\"><\/div>\n<\/div>\n\t\t\t\t\t\t\t\t<\/div>\n\t\t\t\t<\/div>\n\t\t\t\t\t<\/div>\n\t\t<\/div>\n\t\t\t\t\t<\/div>\n\t\t<\/section>\n\t\t\t\t<\/div>","protected":false},"excerpt":{"rendered":"<p>El mejor sistema integral de trading FINALIZAR COMPRA Di adi\u00f3s a las maratones de seguimiento de mercado y las decisiones de trading confusas \u00a1Felicidades por llegar a la etapa final de tu compra! En esta p\u00e1gina de finalizar compra, estamos a punto de convertir tus selecciones en una realidad. Aqu\u00ed podr\u00e1s revisar cuidadosamente todos los<\/p>","protected":false},"author":2,"featured_media":0,"parent":0,"menu_order":0,"comment_status":"closed","ping_status":"closed","template":"elementor_header_footer","meta":{"site-sidebar-layout":"default","site-content-layout":"","ast-site-content-layout":"default","site-content-style":"default","site-sidebar-style":"default","ast-global-header-display":"","ast-banner-title-visibility":"","ast-main-header-display":"","ast-hfb-above-header-display":"","ast-hfb-below-header-display":"","ast-hfb-mobile-header-display":"","site-post-title":"","ast-breadcrumbs-content":"","ast-featured-img":"","footer-sml-layout":"","ast-disable-related-posts":"","theme-transparent-header-meta":"","adv-header-id-meta":"","stick-header-meta":"","header-above-stick-meta":"","header-main-stick-meta":"","header-below-stick-meta":"","astra-migrate-meta-layouts":"default","ast-page-background-enabled":"default","ast-page-background-meta":{"desktop":{"background-color":"var(--ast-global-color-4)","background-image":"","background-repeat":"repeat","background-position":"center center","background-size":"auto","background-attachment":"scroll","background-type":"","background-media":"","overlay-type":"","overlay-color":"","overlay-opacity":"","overlay-gradient":""},"tablet":{"background-color":"","background-image":"","background-repeat":"repeat","background-position":"center center","background-size":"auto","background-attachment":"scroll","background-type":"","background-media":"","overlay-type":"","overlay-color":"","overlay-opacity":"","overlay-gradient":""},"mobile":{"background-color":"","background-image":"","background-repeat":"repeat","background-position":"center center","background-size":"auto","background-attachment":"scroll","background-type":"","background-media":"","overlay-type":"","overlay-color":"","overlay-opacity":"","overlay-gradient":""}},"ast-content-background-meta":{"desktop":{"background-color":"var(--ast-global-color-5)","background-image":"","background-repeat":"repeat","background-position":"center center","background-size":"auto","background-attachment":"scroll","background-type":"","background-media":"","overlay-type":"","overlay-color":"","overlay-opacity":"","overlay-gradient":""},"tablet":{"background-color":"var(--ast-global-color-5)","background-image":"","background-repeat":"repeat","background-position":"center center","background-size":"auto","background-attachment":"scroll","background-type":"","background-media":"","overlay-type":"","overlay-color":"","overlay-opacity":"","overlay-gradient":""},"mobile":{"background-color":"var(--ast-global-color-5)","background-image":"","background-repeat":"repeat","background-position":"center center","background-size":"auto","background-attachment":"scroll","background-type":"","background-media":"","overlay-type":"","overlay-color":"","overlay-opacity":"","overlay-gradient":""}},"footnotes":""},"class_list":["post-8","page","type-page","status-publish","hentry"],"_hostinger_reach_plugin_has_subscription_block":false,"_hostinger_reach_plugin_is_elementor":false,"_links":{"self":[{"href":"https:\/\/maxicashpro.com\/ar\/wp-json\/wp\/v2\/pages\/8","targetHints":{"allow":["GET"]}}],"collection":[{"href":"https:\/\/maxicashpro.com\/ar\/wp-json\/wp\/v2\/pages"}],"about":[{"href":"https:\/\/maxicashpro.com\/ar\/wp-json\/wp\/v2\/types\/page"}],"author":[{"embeddable":true,"href":"https:\/\/maxicashpro.com\/ar\/wp-json\/wp\/v2\/users\/2"}],"replies":[{"embeddable":true,"href":"https:\/\/maxicashpro.com\/ar\/wp-json\/wp\/v2\/comments?post=8"}],"version-history":[{"count":16,"href":"https:\/\/maxicashpro.com\/ar\/wp-json\/wp\/v2\/pages\/8\/revisions"}],"predecessor-version":[{"id":1082,"href":"https:\/\/maxicashpro.com\/ar\/wp-json\/wp\/v2\/pages\/8\/revisions\/1082"}],"wp:attachment":[{"href":"https:\/\/maxicashpro.com\/ar\/wp-json\/wp\/v2\/media?parent=8"}],"curies":[{"name":"wp","href":"https:\/\/api.w.org\/{rel}","templated":true}]}}